{"id":1636,"date":"2018-11-26T15:47:39","date_gmt":"2018-11-26T14:47:39","guid":{"rendered":"http:\/\/aguilardedios.com\/maestria\/"},"modified":"2019-01-14T17:06:39","modified_gmt":"2019-01-14T16:06:39","slug":"expertise","status":"publish","type":"page","link":"https:\/\/www.aguilardedios.com\/fr\/expertise\/","title":{"rendered":"Expertise"},"content":{"rendered":"[vc_row type=&#8221;in_container&#8221; full_screen_row_position=&#8221;middle&#8221; equal_height=&#8221;yes&#8221; content_placement=&#8221;top&#8221; full_height=&#8221;yes&#8221; columns_placement=&#8221;top&#8221; scene_position=&#8221;center&#8221; text_color=&#8221;dark&#8221; text_align=&#8221;left&#8221; class=&#8221;maestriaBox&#8221; overlay_strength=&#8221;0.3&#8243; shape_divider_position=&#8221;bottom&#8221; shape_type=&#8221;&#8221;][vc_column column_padding=&#8221;no-extra-padding&#8221; column_padding_position=&#8221;all&#8221; background_color_opacity=&#8221;1&#8243; background_hover_color_opacity=&#8221;1&#8243; column_link_target=&#8221;_self&#8221; column_shadow=&#8221;none&#8221; column_border_radius=&#8221;none&#8221; width=&#8221;1\/1&#8243; tablet_width_inherit=&#8221;default&#8221; tablet_text_alignment=&#8221;default&#8221; phone_text_alignment=&#8221;default&#8221; column_border_width=&#8221;none&#8221; column_border_style=&#8221;solid&#8221;][vc_row_inner equal_height=&#8221;yes&#8221; content_placement=&#8221;top&#8221; column_margin=&#8221;default&#8221; text_align=&#8221;left&#8221;][vc_column_inner background_image=&#8221;462&#8243; enable_bg_scale=&#8221;true&#8221; column_padding=&#8221;no-extra-padding&#8221; column_padding_position=&#8221;all&#8221; background_color_opacity=&#8221;1&#8243; background_hover_color_opacity=&#8221;1&#8243; font_color=&#8221;#ffffff&#8221; column_shadow=&#8221;none&#8221; column_border_radius=&#8221;none&#8221; column_link_target=&#8221;_self&#8221; el_class=&#8221;efecteHoverOn1&#8243; width=&#8221;1\/3&#8243; tablet_width_inherit=&#8221;default&#8221; column_border_width=&#8221;none&#8221; column_border_style=&#8221;solid&#8221; column_link=&#8221;https:\/\/www.aguilardedios.com\/fr\/expertise\/perle&#8221;]<div class=\"divider-wrap\" data-alignment=\"default\"><div style=\"height: 650px;\" class=\"divider\"><\/div><\/div>[vc_column_text el_class=&#8221;cuadroNegro1&#8243;]\n<p style=\"text-align: center;\">PERLE<\/p>\n[\/vc_column_text][vc_column_text el_class=&#8221;cuadroNegroDescrip1&#8243;]\n<p style=\"text-align: center;\">NOS PERLES PROVIENNENT DE PAYS PRODUCTEURS QUI CULTIVENT EN EAU DOUCE, OFFRANT UN \u00c9L\u00c9MENT NATUREL DE QUALIT\u00c9 EN BLANC, GAMMES DE GRIS ET ROS\u00c9S.<\/p>\n[\/vc_column_text][\/vc_column_inner][vc_column_inner background_image=&#8221;1618&#8243; enable_bg_scale=&#8221;true&#8221; column_padding=&#8221;no-extra-padding&#8221; column_padding_position=&#8221;all&#8221; background_color_opacity=&#8221;1&#8243; background_hover_color_opacity=&#8221;1&#8243; font_color=&#8221;#ffffff&#8221; column_shadow=&#8221;none&#8221; column_border_radius=&#8221;none&#8221; column_link_target=&#8221;_self&#8221; el_class=&#8221;efecteHoverOn3&#8243; width=&#8221;1\/3&#8243; tablet_width_inherit=&#8221;default&#8221; column_border_width=&#8221;none&#8221; column_border_style=&#8221;solid&#8221; column_link=&#8221;https:\/\/www.aguilardedios.com\/fr\/expertise\/pierre&#8221;]<div class=\"divider-wrap\" data-alignment=\"default\"><div style=\"height: 650px;\" class=\"divider\"><\/div><\/div>[vc_column_text el_class=&#8221;cuadroNegro3&#8243;]\n<p style=\"text-align: center;\">PIERRE<\/p>\n[\/vc_column_text][vc_column_text el_class=&#8221;cuadroNegroDescrip3&#8243;]\n<p style=\"text-align: center;\">PI\u00c8CES AVEC CARACT\u00c8RE, SERTISSAGE DE PIERRES NATURELLES OU SYNTH\u00c8TIQUES. \u00c9MERAUDES, DIAMANTS, ZIRCONES, RUBIS ET SAPHIRS.<\/p>\n[\/vc_column_text][\/vc_column_inner][vc_column_inner background_image=&#8221;402&#8243; enable_bg_scale=&#8221;true&#8221; column_padding=&#8221;no-extra-padding&#8221; column_padding_position=&#8221;all&#8221; background_color_opacity=&#8221;1&#8243; background_hover_color_opacity=&#8221;1&#8243; font_color=&#8221;#ffffff&#8221; column_shadow=&#8221;none&#8221; column_border_radius=&#8221;none&#8221; column_link_target=&#8221;_self&#8221; el_class=&#8221;efecteHoverOn2&#8243; width=&#8221;1\/3&#8243; tablet_width_inherit=&#8221;default&#8221; column_border_width=&#8221;none&#8221; column_border_style=&#8221;solid&#8221; column_link=&#8221;https:\/\/www.aguilardedios.com\/fr\/expertise\/or&#8221;]<div class=\"divider-wrap\" data-alignment=\"default\"><div style=\"height: 650px;\" class=\"divider\"><\/div><\/div>[vc_column_text el_class=&#8221;cuadroNegro2&#8243;]\n<p style=\"text-align: center;\">OR<\/p>\n[\/vc_column_text][vc_column_text el_class=&#8221;cuadroNegroDescrip2&#8243;]\n<p style=\"text-align: center;\">NOUS SOMMES SP\u00c9CIALIS\u00c9S EN TECHNIQUE D\u2019ESTAMPAGE EN OR DE 18K, 14K ET 9K EN COULEURS JAUNE, ROSE ET BLANC.<\/p>\n[\/vc_column_text][\/vc_column_inner][\/vc_row_inner][\/vc_column][\/vc_row]\n","protected":false},"excerpt":{"rendered":"<p>[vc_row type=&#8221;in_container&#8221; full_screen_row_position=&#8221;middle&#8221; equal_height=&#8221;yes&#8221; content_placement=&#8221;top&#8221; full_height=&#8221;yes&#8221; columns_placement=&#8221;top&#8221; scene_position=&#8221;center&#8221; text_color=&#8221;dark&#8221; text_align=&#8221;left&#8221; class=&#8221;maestriaBox&#8221; overlay_strength=&#8221;0.3&#8243; shape_divider_position=&#8221;bottom&#8221; shape_type=&#8221;&#8221;][vc_column column_padding=&#8221;no-extra-padding&#8221; column_padding_position=&#8221;all&#8221; background_color_opacity=&#8221;1&#8243; background_hover_color_opacity=&#8221;1&#8243; column_link_target=&#8221;_self&#8221; column_shadow=&#8221;none&#8221; column_border_radius=&#8221;none&#8221; width=&#8221;1\/1&#8243; tablet_width_inherit=&#8221;default&#8221; tablet_text_alignment=&#8221;default&#8221; phone_text_alignment=&#8221;default&#8221; column_border_width=&#8221;none&#8221; column_border_style=&#8221;solid&#8221;][vc_row_inner equal_height=&#8221;yes&#8221; content_placement=&#8221;top&#8221; column_margin=&#8221;default&#8221;&#8230;<\/p>\n","protected":false},"author":1,"featured_media":0,"parent":0,"menu_order":0,"comment_status":"closed","ping_status":"closed","template":"","meta":{"nf_dc_page":"","footnotes":""},"class_list":["post-1636","page","type-page","status-publish"],"_links":{"self":[{"href":"https:\/\/www.aguilardedios.com\/fr\/wp-json\/wp\/v2\/pages\/1636","targetHints":{"allow":["GET"]}}],"collection":[{"href":"https:\/\/www.aguilardedios.com\/fr\/wp-json\/wp\/v2\/pages"}],"about":[{"href":"https:\/\/www.aguilardedios.com\/fr\/wp-json\/wp\/v2\/types\/page"}],"author":[{"embeddable":true,"href":"https:\/\/www.aguilardedios.com\/fr\/wp-json\/wp\/v2\/users\/1"}],"replies":[{"embeddable":true,"href":"https:\/\/www.aguilardedios.com\/fr\/wp-json\/wp\/v2\/comments?post=1636"}],"version-history":[{"count":2,"href":"https:\/\/www.aguilardedios.com\/fr\/wp-json\/wp\/v2\/pages\/1636\/revisions"}],"predecessor-version":[{"id":1648,"href":"https:\/\/www.aguilardedios.com\/fr\/wp-json\/wp\/v2\/pages\/1636\/revisions\/1648"}],"wp:attachment":[{"href":"https:\/\/www.aguilardedios.com\/fr\/wp-json\/wp\/v2\/media?parent=1636"}],"curies":[{"name":"wp","href":"https:\/\/api.w.org\/{rel}","templated":true}]}}