{"id":294,"date":"2018-12-10T12:35:16","date_gmt":"2018-12-10T11:35:16","guid":{"rendered":"http:\/\/aguilardedios.com\/politica-de-cookies\/"},"modified":"2019-01-02T13:36:50","modified_gmt":"2019-01-02T12:36:50","slug":"politique-de-cookie","status":"publish","type":"page","link":"https:\/\/www.aguilardedios.com\/fr\/politique-de-cookie\/","title":{"rendered":"Politique de cookie"},"content":{"rendered":"[vc_row type=&#8221;in_container&#8221; full_screen_row_position=&#8221;middle&#8221; scene_position=&#8221;center&#8221; text_color=&#8221;dark&#8221; text_align=&#8221;left&#8221; overlay_strength=&#8221;0.3&#8243; shape_divider_position=&#8221;bottom&#8221;][vc_column column_padding=&#8221;no-extra-padding&#8221; column_padding_position=&#8221;all&#8221; background_color_opacity=&#8221;1&#8243; background_hover_color_opacity=&#8221;1&#8243; column_link_target=&#8221;_self&#8221; column_shadow=&#8221;none&#8221; column_border_radius=&#8221;none&#8221; width=&#8221;1\/1&#8243; tablet_width_inherit=&#8221;default&#8221; tablet_text_alignment=&#8221;default&#8221; phone_text_alignment=&#8221;default&#8221; column_border_width=&#8221;none&#8221; column_border_style=&#8221;solid&#8221;]<div class=\"divider-wrap\" data-alignment=\"default\"><div style=\"height: 40px;\" class=\"divider\"><\/div><\/div>[vc_column_text]\n<ol>\n<li><span style=\"color: #333333;\"><strong>Utilisation des cookies<\/strong><\/span><\/li>\n<\/ol>\n<p><span style=\"color: #333333;\">Le site web <a style=\"color: #333333;\" href=\"http:\/\/WWW.AGUILARDEDIOS.COM\">WWW.AGUILARDEDIOS.COM<\/a>, propri\u00e9t\u00e9 de la s.a. AGUILAR DE DIOS, utilise des cookies.<\/span><\/p>\n<p><span style=\"color: #333333;\">Les cookies sont des fichiers qui se t\u00e9l\u00e9chargent sur votre ordinateur lorsque vous visitez un site internet. Les cookies permettent, entre autres, \u00e0 un site web de stocker et r\u00e9cup\u00e9rer des informations sur les habitudes d\u2019un utilisateur ou de son ordinateur et peuvent \u00eatre utilis\u00e9s pour reconnaitre un utilisateur en fonction de l\u2019usage qu\u2019il fait de son ordinateur et des informations que contiennent ces cookies.<\/span><\/p>\n<p><span style=\"color: #333333;\">De plus, ils am\u00e9liorent votre processus de navigation \u00e9tant donn\u00e9 qu\u2019ils permettent au site web d\u2019offrir \u00e0 l\u2019utilisateur des informations qui peuvent correspondre \u00e0 ses centres d\u2019int\u00e9r\u00eat, en fonction de l\u2019usage qu\u2019il en fait et du contenu du site.<\/span><\/p>\n<p><span style=\"color: #333333;\">Si vous ne souhaitez pas recevoir de cookies, veuillez configurer votre navigateur internet pour qu\u2019il les efface du disque dur de votre ordinateur, les bloque ou vous avertisse en cas d\u2019installation de ces cookies. Pour poursuivre votre visite sans modification concernant la configuration des cookies, continuez simplement votre navigation sur le site web.<\/span><\/p>\n<ol start=\"2\">\n<li><span style=\"color: #333333;\"><strong>Consentement<\/strong><\/span><\/li>\n<\/ol>\n<p><span style=\"color: #333333;\">Les cookies que nous collectons ne contiennent pas de donn\u00e9es personnelles, ni d\u2019informations permettant de vous identifier, sauf si vous souhaitez vous inscrire volontairement, afin de pouvoir utiliser les services que nous mettons \u00e0 votre disposition ou de recevoir des informations sur nos promotions et des contenus qui vous int\u00e9ressent.<\/span><\/p>\n<p><span style=\"color: #333333;\">Lorsque vous naviguez et demeurez sur notre site web, cela implique que vous marquez votre accord quant \u00e0 l\u2019utilisation des cookies \u00e9nonc\u00e9e ci-dessus, et avec les conditions stipul\u00e9es dans la pr\u00e9sente politique de gestion des cookies.<\/span><\/p>\n<p><span style=\"color: #333333;\">Si vous n\u2019\u00eates pas d\u2019accord, veuillez nous adresser un courrier \u00e9lectronique \u00e0 l\u2019adresse suivante\u00a0: ADD@AGUILARDEDIOS.COM.<\/span><\/p>\n<ol start=\"3\">\n<li><span style=\"color: #333333;\"><strong>Types de cookies et leur finalit\u00e9<\/strong><\/span><\/li>\n<\/ol>\n<p><span style=\"color: #333333;\">En fonction de leur caract\u00e8re temporaire ou permanent, les cookies peuvent \u00eatre class\u00e9s comme suit\u00a0:<\/span><\/p>\n<ul>\n<li><span style=\"color: #333333;\">Les cookies de session\u00a0: ils expirent d\u00e8s que l\u2019utilisateur ferme le navigateur.<\/span><\/li>\n<li><span style=\"color: #333333;\">Les cookies permanents\u00a0: ils expirent en fonction du moment auquel ils atteignent l\u2019objectif qu\u2019ils poursuivent (par exemple, pour que l\u2019identification de l\u2019utilisateur soit maintenue sur le site web et sur les services qu\u2019il propose ou bien lorsqu\u2019ils sont effac\u00e9s manuellement).<\/span><\/li>\n<\/ul>\n<p><span style=\"color: #333333;\">En fonction de leur objectif, les cookies peuvent \u00eatre class\u00e9s comme suit\u00a0:<\/span><\/p>\n<ul>\n<li><span style=\"color: #333333;\">Les cookies de productivit\u00e9 (technique et de personnalisation)\u00a0: ce type de cookies enregistre vos pr\u00e9f\u00e9rences pour les outils qui se trouvent dans les diff\u00e9rents services et qui vous permettent de ne pas devoir configurer les services lors de chacune de vos visites. A titre d\u2019exemple, cette cat\u00e9gorie inclut notamment\u00a0: les r\u00e9glages du volume des reproducteurs de vid\u00e9os ou de sons et la vitesse de transmission de vid\u00e9o qui doivent \u00eatre compatibles avec votre navigateur.<\/span><\/li>\n<li><span style=\"color: #333333;\">Les cookies de g\u00e9o-localisation\u00a0: ces cookies sont utilis\u00e9s pour d\u00e9terminer dans quel pays vous vous trouvez lorsque vous sollicitez un service. Ces cookies sont totalement anonymes et s\u2019utilisent seulement pour aider \u00e0 orienter le contenu du site en fonction de votre localisation.<\/span><\/li>\n<li><span style=\"color: #333333;\">Les cookies d\u2019inscription (technique et de personnalisation)\u00a0: Les cookies d\u2019inscription sont produits lorsqu\u2019un utilisateur s\u2019inscrit ou post\u00e9rieurement \u00e0 l\u2019ouverture de sa session et sont utilis\u00e9s dans les services avec les objectifs suivants\u00a0:<\/span><\/li>\n<li><span style=\"color: #333333;\">Maintenir l\u2019utilisateur identifi\u00e9 afin de lui permettre, s\u2019il ferme un service, le navigateur ou son ordinateur et qu\u2019il entre \u00e0 nouveau dans le m\u00eame service, \u00e0 un autre moment ou un autre jour, de rester identifi\u00e9, simplifiant ainsi sa navigation sans qu\u2019il ne doive s\u2019identifier \u00e0 nouveau. Cette fonctionnalit\u00e9 peut \u00eatre supprim\u00e9e si l\u2019utilisateur clique sur le bouton \u00ab\u00a0fermer la cession\u00a0\u00bb, ce qui entraine l\u2019\u00e9limination de ce cookie et la prochaine fois qu\u2019il acc\u00e8de au service, l\u2019utilisateur devra alors initier sa session pour s\u2019identifier.<\/span><\/li>\n<li><span style=\"color: #333333;\">V\u00e9rifier si l\u2019utilisateur est autoris\u00e9 \u00e0 acc\u00e9der \u00e0 certains services, comme par exemple, participer \u00e0 un concours.<\/span><\/li>\n<li><span style=\"color: #333333;\">Les cookies analytiques\u00a0: chaque fois qu\u2019un utilisateur acc\u00e8de \u00e0 un service ou \u00e0 une information du site web ou \u00e0 un outil d\u2019un fournisseur externe (Google Analytics, Comscore et autres similaires qui pourront \u00eatre ajout\u00e9s \u00e0 cette liste en cas de variation des fournisseurs actuels), cette action g\u00e9n\u00e8re un cookie analytique dans l\u2019ordinateur de l\u2019utilisateur. Ce cookie qui est g\u00e9n\u00e9r\u00e9 par sa seule visite, servira lors des prochains acc\u00e8s aux services du site web afin d\u2019identifier de mani\u00e8re anonyme le visiteur. Les principaux objectifs poursuivis sont\u00a0:<\/span><\/li>\n<li><span style=\"color: #333333;\">Permettre l\u2019identification anonyme des utilisateurs qui naviguent au travers des cookies (identifier les dispositifs et les navigateurs, pas les personnes) et par cons\u00e9quent, comptabiliser approximativement le nombre de visiteurs y leur tendance dans le temps.<\/span><\/li>\n<li><span style=\"color: #333333;\">Identifier de mani\u00e8re anonyme les contenus les plus visit\u00e9s et par cons\u00e9quent les plus attractifs pour les utilisateurs.<\/span><\/li>\n<li><span style=\"color: #333333;\">Savoir si l\u2019utilisateur qui acc\u00e8de est nouveau ou renouvelle sa visite. Important\u00a0: sauf si l\u2019utilisateur a d\u00e9cid\u00e9 de s\u2019inscrire \u00e0 certains services ou contenus du site web, le cookie ne sera jamais associ\u00e9 \u00e0 la moindre donn\u00e9e \u00e0 caract\u00e8re personnel permettant de l\u2019identifier. L\u2019usage de ces cookies est limit\u00e9 \u00e0 des fins statistiques qui permettent une optimisation de l\u2019exp\u00e9rience des utilisateurs sur le site web.<\/span><\/li>\n<li><span style=\"color: #333333;\">Les cookies publicitaires propres\u00a0: sont ceux qui nous permettent de g\u00e9rer efficacement les espaces publicitaires de nos sites web, en adaptant le contenu d\u2019une publicit\u00e9 au service sollicit\u00e9 ainsi qu\u2019\u00e0 l\u2019utilisation qui sera faite du site web. Gr\u00e2ce \u00e0 eux, nous pouvons connaitre vos habitudes de navigation sur Internet et vous montrer de la publicit\u00e9 en lien avec votre profil de navigation.<\/span><\/li>\n<li><span style=\"color: #333333;\">Les cookies publicitaires de tiers\u00a0: en plus de la publicit\u00e9 g\u00e9r\u00e9e par le site web dans son contenu et ses services, il sera offert aux annonceurs l\u2019option de fournir de la publicit\u00e9 \u00e0 travers de tiers (&#8220;AdServers&#8221;). De cette mani\u00e8re, ces tiers pourront stocker des cookies envoy\u00e9s depuis les contenus du site web provenant des navigateurs des utilisateurs mais \u00e9galement acc\u00e9der \u00e0 des donn\u00e9es conserv\u00e9es par ces cookies.<\/span><\/li>\n<\/ul>\n<ol>\n<li><span style=\"color: #333333;\"><strong>Comment bloquer ou \u00e9liminer les cookies install\u00e9s<\/strong><\/span><\/li>\n<\/ol>\n<p><span style=\"color: #333333;\">Vous pouvez autoriser, bloquer ou \u00e9liminer des cookies install\u00e9s sur votre ordinateur en configurant les options de votre navigateur. Vous pourrez trouver les informations qui d\u00e9crivent comme le faire, en fonction des navigateurs les plus communs, en cliquant sur les liens ci-dessous\u00a0:<\/span><\/p>\n<p><span style=\"color: #333333;\">Explorer: https:\/\/support.microsoft.com\/es-es\/help\/278835<\/span><br \/>\n<span style=\"color: #333333;\">Chrome: https:\/\/support.google.com\/chrome\/answer\/95647<\/span><br \/>\n<span style=\"color: #333333;\">Firefox: https:\/\/support.mozilla.org\/es\/kb\/Borrar%20cookies<\/span><br \/>\n<span style=\"color: #333333;\">Safari: https:\/\/support.apple.com\/kb\/ph5042<\/span><\/p>\n<p><span style=\"color: #333333;\">Nous attirons n\u00e9anmoins votre attention sur le fait que la d\u00e9sactivation de certains cookies peut emp\u00eacher ou compliquer la navigation ou la prestation d\u2019un service offert par le site web.<\/span><\/p>\n<p><span style=\"color: #333333;\">Tout changement relatif \u00e0 la configuration de votre navigateur en lien avec les cookies de ce site web sera conserv\u00e9 jusqu\u2019\u00e0 ce que vous d\u00e9cidiez d\u2019effectuer de nouvelles modifications.<\/span><\/p>\n<ol>\n<li><span style=\"color: #333333;\"><strong>Modifications<\/strong><\/span><\/li>\n<\/ol>\n<p><span style=\"color: #333333;\"><strong><u>\u00a0<\/u><\/strong>Le site web <a style=\"color: #333333;\" href=\"http:\/\/WWW.AGUILARDEDIOS.COM\">WWW.AGUILARDEDIOS.COM<\/a>, propri\u00e9t\u00e9 de la s.a. AGUILAR DE DIOS, peut modifier la pr\u00e9sente politique de cookies en fonction des exigences l\u00e9gales ou afin d\u2019adapter ladite politique aux instructions dict\u00e9es par l\u2019Agence Espagnole de Protection des Donn\u00e9es.<\/span><\/p>\n<p><span style=\"color: #333333;\">Pour cette raison, nous conseillons aux utilisateurs de la consulter r\u00e9guli\u00e8rement. Lorsque des changements significatifs sont effectu\u00e9s \u00e0 la pr\u00e9sente politique de cookies, ceux-ci feront l\u2019objet d\u2019une communication aux utilisateurs via le site web ou via l\u2019envoi d\u2019un courrier \u00e9lectronique aux utilisateurs inscrits.<\/span>[\/vc_column_text][\/vc_column][\/vc_row]\n","protected":false},"excerpt":{"rendered":"<p>[vc_row type=&#8221;in_container&#8221; full_screen_row_position=&#8221;middle&#8221; scene_position=&#8221;center&#8221; text_color=&#8221;dark&#8221; text_align=&#8221;left&#8221; overlay_strength=&#8221;0.3&#8243; shape_divider_position=&#8221;bottom&#8221;][vc_column column_padding=&#8221;no-extra-padding&#8221; column_padding_position=&#8221;all&#8221; background_color_opacity=&#8221;1&#8243; background_hover_color_opacity=&#8221;1&#8243; column_link_target=&#8221;_self&#8221; column_shadow=&#8221;none&#8221; column_border_radius=&#8221;none&#8221; width=&#8221;1\/1&#8243; tablet_width_inherit=&#8221;default&#8221; tablet_text_alignment=&#8221;default&#8221; phone_text_alignment=&#8221;default&#8221; column_border_width=&#8221;none&#8221; column_border_style=&#8221;solid&#8221;][vc_column_text] Utilisation des cookies Le site web WWW.AGUILARDEDIOS.COM, propri\u00e9t\u00e9 de&#8230;<\/p>\n","protected":false},"author":1,"featured_media":0,"parent":0,"menu_order":0,"comment_status":"closed","ping_status":"closed","template":"","meta":{"nf_dc_page":"","footnotes":""},"class_list":["post-294","page","type-page","status-publish"],"_links":{"self":[{"href":"https:\/\/www.aguilardedios.com\/fr\/wp-json\/wp\/v2\/pages\/294","targetHints":{"allow":["GET"]}}],"collection":[{"href":"https:\/\/www.aguilardedios.com\/fr\/wp-json\/wp\/v2\/pages"}],"about":[{"href":"https:\/\/www.aguilardedios.com\/fr\/wp-json\/wp\/v2\/types\/page"}],"author":[{"embeddable":true,"href":"https:\/\/www.aguilardedios.com\/fr\/wp-json\/wp\/v2\/users\/1"}],"replies":[{"embeddable":true,"href":"https:\/\/www.aguilardedios.com\/fr\/wp-json\/wp\/v2\/comments?post=294"}],"version-history":[{"count":4,"href":"https:\/\/www.aguilardedios.com\/fr\/wp-json\/wp\/v2\/pages\/294\/revisions"}],"predecessor-version":[{"id":1205,"href":"https:\/\/www.aguilardedios.com\/fr\/wp-json\/wp\/v2\/pages\/294\/revisions\/1205"}],"wp:attachment":[{"href":"https:\/\/www.aguilardedios.com\/fr\/wp-json\/wp\/v2\/media?parent=294"}],"curies":[{"name":"wp","href":"https:\/\/api.w.org\/{rel}","templated":true}]}}