{"id":295,"date":"2018-12-11T13:07:25","date_gmt":"2018-12-11T12:07:25","guid":{"rendered":"http:\/\/aguilardedios.com\/politica-de-privacidad\/"},"modified":"2018-12-19T12:34:55","modified_gmt":"2018-12-19T11:34:55","slug":"politique-de-confidentialite","status":"publish","type":"page","link":"https:\/\/www.aguilardedios.com\/fr\/politique-de-confidentialite\/","title":{"rendered":"Politique de confidentialit\u00e9"},"content":{"rendered":"[vc_row type=&#8221;in_container&#8221; full_screen_row_position=&#8221;middle&#8221; scene_position=&#8221;center&#8221; text_color=&#8221;dark&#8221; text_align=&#8221;left&#8221; overlay_strength=&#8221;0.3&#8243; shape_divider_position=&#8221;bottom&#8221;][vc_column column_padding=&#8221;no-extra-padding&#8221; column_padding_position=&#8221;all&#8221; background_color_opacity=&#8221;1&#8243; background_hover_color_opacity=&#8221;1&#8243; column_link_target=&#8221;_self&#8221; column_shadow=&#8221;none&#8221; column_border_radius=&#8221;none&#8221; width=&#8221;1\/1&#8243; tablet_width_inherit=&#8221;default&#8221; tablet_text_alignment=&#8221;default&#8221; phone_text_alignment=&#8221;default&#8221; column_border_width=&#8221;none&#8221; column_border_style=&#8221;solid&#8221;][vc_column_text]<strong>RESPONSABLE &#8220;\u00bfQui\u00e9n es el responsable del tratamiento de sus datos?&#8221;<\/strong><\/p>\n<p>Identidad: AGUILAR DE DIOS, S.A. con CIF A14020895<br \/>\nRepresentante Legal: Alejandro Aguilar de Dios Ruiz<br \/>\nDirecci\u00f3n postal: C\/ REY HEREDIA 29, 14003, C\u00d3RDOBA<br \/>\nTel\u00e9fono: 957473750<br \/>\nCorreo Electr\u00f3nico: <a href=\"mailto:ADD@AGUILARDEDIOS.COM\">ADD@AGUILARDEDIOS.COM<\/a><\/p>\n<p>&nbsp;<\/p>\n<p><strong>DELEGADO DE PROTECCION DE DATOS <\/strong><\/p>\n<p>ICM CONSULTORIA<br \/>\nDPD-0025\/2018, CERTIFICADO DE CONFORMIDAD CON EL ESQUEMA DE CERTIFICACION DE LA AEPD<br \/>\n<a href=\"mailto:dpd@icmconsultoria.es\">dpd@icmconsultoria.es<\/a>; C\/ Pintora Maruja Mallo, 3 Escalera 2 Oficina 3C, 14011, C\u00f3rdoba<\/p>\n<p>&nbsp;<\/p>\n<p><strong>FINALIDAD &#8220;\u00bfCon qu\u00e9 finalidad tratamos sus datos personales?&#8221;<\/strong><\/p>\n<p>Los datos personales del interesado ser\u00e1n tratados con las siguientes finalidades:<br \/>\n&#8211; Entrega de productos solicitados y Gesti\u00f3n administrativa derivada de la venta efectuada, entre los que se encuentran la emisi\u00f3n de facturas resultantes y las comunicaciones con el clientes, necesarias para la finalidad objeto del tratamiento, a trav\u00e9s de medios electr\u00f3nicos (correos electr\u00f3nicos, WhatsApp, tel\u00e9fono, etc.)<br \/>\n&#8220;La consignaci\u00f3n de los datos solicitados tienen car\u00e1cter obligatorio, pues la informaci\u00f3n solicitada es imprescindible para las finalidades descritas anteriormente. En el caso de mostrar negativa, las consecuencias de no aportar los datos ser\u00e1n no poder suministrar los productos solicitados por el cliente&#8221;<br \/>\n-Responder al ejercicio de derechos, consultas y reclamaciones.<\/p>\n<p>&nbsp;<\/p>\n<p><strong>&#8220;\u00bfPor cu\u00e1nto tiempo se conservar\u00e1n sus datos?&#8221;<\/strong><\/p>\n<p>-Los datos personales proporcionados por el cliente o interesado, se conservar\u00e1n el tiempo exigido legalmente (10 a\u00f1os seg\u00fan la Ley 10\/2010 de Prevenci\u00f3n de blanqueo de capitales). Dicho plazo aumentar\u00e1, si los datos de los interesados fuesen necesarios para la gesti\u00f3n de reclamaciones, impagos y otros asuntos de inter\u00e9s.<\/p>\n<p>&nbsp;<\/p>\n<p><strong>LEGITIMACI\u00d3N&#8221;\u00bfCual es la legitimaci\u00f3n para el tratamiento de sus datos?&#8221;<\/strong><\/p>\n<p>La base legal para el tratamiento de sus datos es:<br \/>\n-Cumplimiento de una obligaci\u00f3n legal: la gesti\u00f3n y emisi\u00f3n de facturas se basa en una obligaci\u00f3n legal.<br \/>\n-Consentimiento del interesado:<br \/>\nEn relaci\u00f3n con las siguientes finalidades, la base legal del tratamiento de los datos personales del cliente ser\u00e1 por consentimiento<br \/>\nLa gesti\u00f3n, administraci\u00f3n y suministro de productos solicitados por el cliente, est\u00e1n basados en el consentimiento del interesado. En este consentimiento de tratamiento de datos, tambi\u00e9n se incluyen todas las comunicaciones necesarias entre el interesado y AGUILAR DE DIOS, S.A., a trav\u00e9s de medios electr\u00f3nicos.<br \/>\nTodos los tratamientos derivados de la venta de nuestros productos, tienen de base legal el consentimiento expreso e inequ\u00edvoco del interesado (cliente).<br \/>\nRespuesta al ejercicio de derechos, consultas y reclamaciones por parte del interesado.<\/p>\n<p>&nbsp;<\/p>\n<p><strong>DESTINATARIOS&#8221;\u00bfA qu\u00e9 destinatarios se comunicar\u00e1n sus datos?&#8221;<\/strong><\/p>\n<p>Los datos personales del interesado podr\u00e1n ser comunicados de forma leg\u00edtima y cuando sea necesario a los siguientes destinatarios, seg\u00fan aplique:<br \/>\nAdministraciones p\u00fablicas y organismos p\u00fablicos cuando as\u00ed lo exija alguna norma (hacienda, etc), Correos, Bancos, Empresas encargadas del tratamiento de datos, que prestan servicios a AGUILAR DE DIOS, S.A. (Asesor\u00eda, Mensajer\u00eda, Prestadora de Servicios IT, Comerciales externos, etc)<br \/>\nTransferencias Internacionales de Datos, siempre que existan comunicaciones a trav\u00e9s de Whatsapp:<br \/>\nWHATSAPP: amparado en el acuerdo EU-US Privacy Shield (acuerdo llamado &#8220;escudo protector de privacidad&#8221; al que se suscriben empresas de EEUU). Informaci\u00f3n disponible en: <a href=\"https:\/\/www.privacyshield.gov\/list\" target=\"_blank\" rel=\"noopener\">https:\/\/www.privacyshield.gov\/list<\/a><\/p>\n<p>&nbsp;<\/p>\n<p><strong>DERECHOS&#8221;\u00bfCu\u00e1les son sus derechos al facilitarnos sus datos?&#8221;<\/strong><\/p>\n<p>Cualquier persona tiene derecho a obtener confirmaci\u00f3n sobre si en AGUILAR DE DIOS, S.A. estamos tratando datos personales que les conciernen, o no.<br \/>\n<strong>Derecho de acceso, rectificaci\u00f3n y supresi\u00f3n<\/strong>: las personas interesadas tienen derecho a acceder a sus datos personales, as\u00ed como a solicitar la rectificaci\u00f3n de los datos inexactos o, en su caso, solicitar su supresi\u00f3n cuando, entre otros motivos, los datos ya no sean necesarios para los fines que fueron recogidos.<br \/>\n<strong>Derecho de limitaci\u00f3n<\/strong>: en determinadas circunstancias, los interesados podr\u00e1n solicitar la limitaci\u00f3n del tratamiento de sus datos.<br \/>\n<strong>Derecho de Oposici\u00f3n<\/strong>: en determinadas circunstancias y por motivos relacionados con su situaci\u00f3n particular, los interesados podr\u00e1n oponerse al tratamiento de sus datos, sobre todo cuando el tratamiento de datos este basado en nuestro inter\u00e9s leg\u00edtimo. Por tanto, AGUILAR DE DIOS, S.A. dejar\u00e1 de tratar los datos, salvo por motivos leg\u00edtimos imperiosos, o el ejercicio o la defensa de posibles reclamaciones.<br \/>\nCuando el tratamiento de datos personales tenga por objeto la mercadotecnia directa, el interesado tendr\u00e1 derecho a oponerse al tratamiento de sus datos, incluida la elaboraci\u00f3n de perfiles relacionados con la citada mercadotecnia.<br \/>\n<strong>Derecho a la portabilidad de los datos<\/strong>: el interesado podr\u00e1 solicitar la portabilidad de sus datos a otro responsable del tratamiento, en cuyo caso se har\u00e1 siempre y cuando el tratamiento est\u00e9 basado en el consentimiento l\u00edcito, el tratamiento sea automatizado y se transmitir\u00e1n de responsable a responsable cuando sea t\u00e9cnicamente posible.<br \/>\n<strong>Derecho a retirar el consentimiento<\/strong>, sin que ello afecte a la licitud del tratamiento basado en el consentimiento previo a su retirada.<br \/>\n<strong>Derecho a presentar una reclamaci\u00f3n<\/strong> ante la AGENCIA ESPA\u00d1OLA DE PROTECCI\u00d3N DE DATOS, cuando no haya obtenido satisfacci\u00f3n en el ejercicio de sus derechos. Para contactar con dicha Autoridad de Control puede hacerlo a trav\u00e9s de su p\u00e1gina web www.aepd.es.<br \/>\n<strong>Para ejercer dichos derechos<\/strong>, el interesado tendr\u00e1 a su disposici\u00f3n una serie de modelos o formularios ubicados en <a href=\"http:\/\/www.aepd.es\/reglamento\/derechos\" target=\"_blank\" rel=\"noopener\"><strong>www.aepd.es\/reglamento\/derechos<\/strong> <\/a>y deber\u00e1 de dirigirlos a : AGUILAR DE DIOS, S.A. <a href=\"mailto:ADD@AGUILARDEDIOS.COM\"><strong>ADD@AGUILARDEDIOS.COM<\/strong><\/a><br \/>\nOpcionalmente, el interesado puede dirigirse tambi\u00e9n a la AGENCIA ESPA\u00d1OLA DE PROTECCION DE DATOS (<a href=\"http:\/\/www.aepd.es\" target=\"_blank\" rel=\"noopener\">www.aepd.es<\/a>) para solicitar informaci\u00f3n sobre dichos derechos.<br \/>\nPara tramitar la solicitud de ejercicio de derechos, podremos pedirle que acredite su identidad mediante fotocopia de su DNI.[\/vc_column_text][\/vc_column][\/vc_row]\n","protected":false},"excerpt":{"rendered":"<p>[vc_row type=&#8221;in_container&#8221; full_screen_row_position=&#8221;middle&#8221; scene_position=&#8221;center&#8221; text_color=&#8221;dark&#8221; text_align=&#8221;left&#8221; overlay_strength=&#8221;0.3&#8243; shape_divider_position=&#8221;bottom&#8221;][vc_column column_padding=&#8221;no-extra-padding&#8221; column_padding_position=&#8221;all&#8221; background_color_opacity=&#8221;1&#8243; background_hover_color_opacity=&#8221;1&#8243; column_link_target=&#8221;_self&#8221; column_shadow=&#8221;none&#8221; column_border_radius=&#8221;none&#8221; width=&#8221;1\/1&#8243; tablet_width_inherit=&#8221;default&#8221; tablet_text_alignment=&#8221;default&#8221; phone_text_alignment=&#8221;default&#8221; column_border_width=&#8221;none&#8221; column_border_style=&#8221;solid&#8221;][vc_column_text]RESPONSABLE &#8220;\u00bfQui\u00e9n es el responsable del tratamiento de sus datos?&#8221;&#8230;<\/p>\n","protected":false},"author":1,"featured_media":0,"parent":0,"menu_order":0,"comment_status":"closed","ping_status":"closed","template":"","meta":{"nf_dc_page":"","footnotes":""},"class_list":["post-295","page","type-page","status-publish"],"_links":{"self":[{"href":"https:\/\/www.aguilardedios.com\/fr\/wp-json\/wp\/v2\/pages\/295","targetHints":{"allow":["GET"]}}],"collection":[{"href":"https:\/\/www.aguilardedios.com\/fr\/wp-json\/wp\/v2\/pages"}],"about":[{"href":"https:\/\/www.aguilardedios.com\/fr\/wp-json\/wp\/v2\/types\/page"}],"author":[{"embeddable":true,"href":"https:\/\/www.aguilardedios.com\/fr\/wp-json\/wp\/v2\/users\/1"}],"replies":[{"embeddable":true,"href":"https:\/\/www.aguilardedios.com\/fr\/wp-json\/wp\/v2\/comments?post=295"}],"version-history":[{"count":1,"href":"https:\/\/www.aguilardedios.com\/fr\/wp-json\/wp\/v2\/pages\/295\/revisions"}],"predecessor-version":[{"id":299,"href":"https:\/\/www.aguilardedios.com\/fr\/wp-json\/wp\/v2\/pages\/295\/revisions\/299"}],"wp:attachment":[{"href":"https:\/\/www.aguilardedios.com\/fr\/wp-json\/wp\/v2\/media?parent=295"}],"curies":[{"name":"wp","href":"https:\/\/api.w.org\/{rel}","templated":true}]}}