{"id":300,"date":"2018-11-26T15:47:29","date_gmt":"2018-11-26T14:47:29","guid":{"rendered":"http:\/\/aguilardedios.com\/casa-taller\/"},"modified":"2026-01-25T14:22:29","modified_gmt":"2026-01-25T13:22:29","slug":"atelier","status":"publish","type":"page","link":"https:\/\/www.aguilardedios.com\/fr\/atelier\/","title":{"rendered":"Atelier"},"content":{"rendered":"[vc_row type=&#8221;in_container&#8221; full_screen_row_position=&#8221;middle&#8221; equal_height=&#8221;yes&#8221; content_placement=&#8221;top&#8221; scene_position=&#8221;center&#8221; text_color=&#8221;dark&#8221; text_align=&#8221;left&#8221; overlay_strength=&#8221;0.3&#8243; shape_divider_position=&#8221;bottom&#8221; bg_image_animation=&#8221;none&#8221; shape_type=&#8221;&#8221;][vc_column column_padding=&#8221;no-extra-padding&#8221; column_padding_position=&#8221;all&#8221; background_color_opacity=&#8221;1&#8243; background_hover_color_opacity=&#8221;1&#8243; column_link_target=&#8221;_self&#8221; column_shadow=&#8221;none&#8221; column_border_radius=&#8221;none&#8221; width=&#8221;1\/3&#8243; tablet_width_inherit=&#8221;default&#8221; tablet_text_alignment=&#8221;default&#8221; phone_text_alignment=&#8221;default&#8221; column_border_width=&#8221;none&#8221; column_border_style=&#8221;solid&#8221; bg_image_animation=&#8221;none&#8221;][vc_column_text]ATELIER<\/p>\n<p>Aguilar de Dios, entreprise familiale fond\u00e9e en 1970, est un fabricant de bijoux. Casa Taller, espace situ\u00e9 au c\u0153ur de C\u00f3rdoba, ville o\u00f9 s\u2019entrem\u00ealent artisanat et histoire, est un lieu o\u00f9 six g\u00e9n\u00e9rations ont travaill\u00e9 en respectant la grande tradition du commerce de l\u2019orf\u00e8vre.<\/p>\n<p>La marque \u00e9tait \u00e0 ses d\u00e9buts sp\u00e9cialis\u00e9e dans la vente au d\u00e9tail. C\u2019est au d\u00e9but des ann\u00e9es soixante-dix, avec la troisi\u00e8me g\u00e9n\u00e9ration familiale aux commandes de atelier, qu\u2019Aguilar de Dios a commenc\u00e9 \u00e0 travailler sur des productions plus grandes. Ceci leur a permis de d\u00e9velopper leurs affaires jusqu\u2019\u00e0 devenir une r\u00e9f\u00e9rence de vente en gros de bijoux au niveau international.<\/p>\n<p>Les pi\u00e8ces d\u2019Aguilar de Dios revendiquent l\u2019importance des finitions de haute qualit\u00e9, une priorit\u00e9 devenue la marque de fabrique de la maison. \u00c0 la connaissance profonde du secteur et de ses techniques traditionnelles s\u2019ajoute l\u2019usage de technologies de pointe, leur permettant d\u2019obtenir un produit final d\u2019une grande noblesse.<\/p>\n<p>Aguilar de Dios est l\u2019illustration m\u00eame de la possibilit\u00e9 d\u2019obtenir un produit \u00e0 la fois commercial et d\u2019une grande qualit\u00e9.<\/p>\n<p>&nbsp;<\/p>\n<p><a href=\"https:\/\/www.aguilardedios.com\/fr\/code-de-bonnes-pratiques\/\"><img loading=\"lazy\" decoding=\"async\" class=\"alignnone size-medium wp-image-2291\" src=\"https:\/\/www.aguilardedios.com\/wp-content\/uploads\/2025\/04\/0000-5520-Certified_Member_Logo_EU_US1-300x192.jpeg\" alt=\"\" width=\"300\" height=\"192\" srcset=\"https:\/\/www.aguilardedios.com\/wp-content\/uploads\/2025\/04\/0000-5520-Certified_Member_Logo_EU_US1-300x192.jpeg 300w, https:\/\/www.aguilardedios.com\/wp-content\/uploads\/2025\/04\/0000-5520-Certified_Member_Logo_EU_US1-600x386.jpeg 600w, https:\/\/www.aguilardedios.com\/wp-content\/uploads\/2025\/04\/0000-5520-Certified_Member_Logo_EU_US1.jpeg 602w\" sizes=\"auto, (max-width: 300px) 100vw, 300px\" \/><\/a>[\/vc_column_text]<div class=\"divider-wrap\" data-alignment=\"default\"><div style=\"height: 30px;\" class=\"divider\"><\/div><\/div>[vc_column_text][\/vc_column_text][vc_row_inner column_margin=&#8221;default&#8221; text_align=&#8221;left&#8221;][vc_column_inner column_padding=&#8221;no-extra-padding&#8221; column_padding_position=&#8221;all&#8221; background_color_opacity=&#8221;1&#8243; background_hover_color_opacity=&#8221;1&#8243; column_shadow=&#8221;none&#8221; column_border_radius=&#8221;none&#8221; column_link_target=&#8221;_self&#8221; width=&#8221;1\/2&#8243; tablet_width_inherit=&#8221;default&#8221; column_border_width=&#8221;none&#8221; column_border_style=&#8221;solid&#8221; bg_image_animation=&#8221;none&#8221;][vc_column_text][\/vc_column_text][\/vc_column_inner][vc_column_inner column_padding=&#8221;no-extra-padding&#8221; column_padding_position=&#8221;all&#8221; background_color_opacity=&#8221;1&#8243; background_hover_color_opacity=&#8221;1&#8243; column_shadow=&#8221;none&#8221; column_border_radius=&#8221;none&#8221; column_link_target=&#8221;_self&#8221; width=&#8221;1\/2&#8243; tablet_width_inherit=&#8221;default&#8221; column_border_width=&#8221;none&#8221; column_border_style=&#8221;solid&#8221; bg_image_animation=&#8221;none&#8221;][vc_column_text][\/vc_column_text][\/vc_column_inner][\/vc_row_inner]<div class=\"divider-wrap\" data-alignment=\"default\"><div style=\"height: 10px;\" class=\"divider\"><\/div><\/div>[vc_row_inner column_margin=&#8221;default&#8221; text_align=&#8221;left&#8221;][vc_column_inner column_padding=&#8221;no-extra-padding&#8221; column_padding_position=&#8221;all&#8221; background_color_opacity=&#8221;1&#8243; background_hover_color_opacity=&#8221;1&#8243; column_shadow=&#8221;none&#8221; column_border_radius=&#8221;none&#8221; column_link_target=&#8221;_self&#8221; width=&#8221;1\/2&#8243; tablet_width_inherit=&#8221;default&#8221; column_border_width=&#8221;none&#8221; column_border_style=&#8221;solid&#8221; bg_image_animation=&#8221;none&#8221;][vc_column_text][\/vc_column_text][\/vc_column_inner][vc_column_inner column_padding=&#8221;no-extra-padding&#8221; column_padding_position=&#8221;all&#8221; background_color_opacity=&#8221;1&#8243; background_hover_color_opacity=&#8221;1&#8243; column_shadow=&#8221;none&#8221; column_border_radius=&#8221;none&#8221; column_link_target=&#8221;_self&#8221; width=&#8221;1\/2&#8243; tablet_width_inherit=&#8221;default&#8221; column_border_width=&#8221;none&#8221; column_border_style=&#8221;solid&#8221; bg_image_animation=&#8221;none&#8221;][vc_column_text][\/vc_column_text][\/vc_column_inner][\/vc_row_inner]<div class=\"divider-wrap\" data-alignment=\"default\"><div style=\"height: 10px;\" class=\"divider\"><\/div><\/div>[vc_row_inner column_margin=&#8221;default&#8221; text_align=&#8221;left&#8221;][vc_column_inner column_padding=&#8221;no-extra-padding&#8221; column_padding_position=&#8221;all&#8221; background_color_opacity=&#8221;1&#8243; background_hover_color_opacity=&#8221;1&#8243; column_shadow=&#8221;none&#8221; column_border_radius=&#8221;none&#8221; column_link_target=&#8221;_self&#8221; width=&#8221;1\/2&#8243; tablet_width_inherit=&#8221;default&#8221; column_border_width=&#8221;none&#8221; column_border_style=&#8221;solid&#8221; bg_image_animation=&#8221;none&#8221;][vc_column_text][\/vc_column_text][\/vc_column_inner][vc_column_inner column_padding=&#8221;no-extra-padding&#8221; column_padding_position=&#8221;all&#8221; background_color_opacity=&#8221;1&#8243; background_hover_color_opacity=&#8221;1&#8243; column_shadow=&#8221;none&#8221; column_border_radius=&#8221;none&#8221; column_link_target=&#8221;_self&#8221; width=&#8221;1\/2&#8243; tablet_width_inherit=&#8221;default&#8221; column_border_width=&#8221;none&#8221; column_border_style=&#8221;solid&#8221; bg_image_animation=&#8221;none&#8221;][\/vc_column_inner][\/vc_row_inner]<div class=\"divider-wrap\" data-alignment=\"default\"><div style=\"height: 30px;\" class=\"divider\"><\/div><\/div>[vc_row_inner column_margin=&#8221;default&#8221; text_align=&#8221;left&#8221; el_id=&#8221;contact&#8221;][vc_column_inner column_padding=&#8221;no-extra-padding&#8221; column_padding_position=&#8221;all&#8221; background_color_opacity=&#8221;1&#8243; background_hover_color_opacity=&#8221;1&#8243; column_shadow=&#8221;none&#8221; column_border_radius=&#8221;none&#8221; column_link_target=&#8221;_self&#8221; width=&#8221;1\/2&#8243; tablet_width_inherit=&#8221;default&#8221; column_border_width=&#8221;none&#8221; column_border_style=&#8221;solid&#8221; bg_image_animation=&#8221;none&#8221;][vc_column_text]CONTACT[\/vc_column_text][vc_column_text el_class=&#8221;linksContacto&#8221;]<a href=\"https:\/\/www.google.com\/maps\/place\/Calle+Rey+Heredia,+14003+C%C3%B3rdoba\/@37.8808982,-4.7806727,17z\/data=!3m1!4b1!4m5!3m4!1s0xd6d2082bc9f2165:0x8e2260deae89c571!8m2!3d37.8808982!4d-4.778484\" target=\"_blank\" rel=\"noopener noreferrer\">Calle Rey Heredia, 29<br \/>\n14003 C\u00f3rdoba, Espa\u00f1a<\/a><br \/>\nT. <a href=\"tel:+34957473750\">+34 957 47 37 50<\/a><br \/>\n<a href=\"mailto:add@aguilardedios.com\">add@aguilardedios.com<\/a><br \/>\n<a href=\"https:\/\/www.instagram.com\/aguilar.dedios\/\" target=\"_blank\" rel=\"noopener noreferrer\">@aguilar.dedios<\/a><\/p>\n<p><img loading=\"lazy\" decoding=\"async\" class=\"alignnone size-medium wp-image-1748\" src=\"https:\/\/aguilardedios.com\/wp-content\/uploads\/2022\/09\/LOGO-HORIZONTAL-300x133.jpg\" alt=\"\" width=\"300\" height=\"133\" srcset=\"https:\/\/www.aguilardedios.com\/wp-content\/uploads\/2022\/09\/LOGO-HORIZONTAL-300x133.jpg 300w, https:\/\/www.aguilardedios.com\/wp-content\/uploads\/2022\/09\/LOGO-HORIZONTAL-1024x454.jpg 1024w, https:\/\/www.aguilardedios.com\/wp-content\/uploads\/2022\/09\/LOGO-HORIZONTAL-768x341.jpg 768w, https:\/\/www.aguilardedios.com\/wp-content\/uploads\/2022\/09\/LOGO-HORIZONTAL-1536x681.jpg 1536w, https:\/\/www.aguilardedios.com\/wp-content\/uploads\/2022\/09\/LOGO-HORIZONTAL.jpg 1772w\" sizes=\"auto, (max-width: 300px) 100vw, 300px\" \/>[\/vc_column_text][\/vc_column_inner][vc_column_inner column_padding=&#8221;no-extra-padding&#8221; column_padding_position=&#8221;all&#8221; background_color_opacity=&#8221;1&#8243; background_hover_color_opacity=&#8221;1&#8243; column_shadow=&#8221;none&#8221; column_border_radius=&#8221;none&#8221; column_link_target=&#8221;_self&#8221; width=&#8221;1\/2&#8243; tablet_width_inherit=&#8221;default&#8221; column_border_width=&#8221;none&#8221; column_border_style=&#8221;solid&#8221; bg_image_animation=&#8221;none&#8221;]<div class=\"divider-wrap\" data-alignment=\"default\"><div style=\"height: 10px;\" class=\"divider\"><\/div><\/div>[\/vc_column_inner][\/vc_row_inner][\/vc_column][vc_column column_padding=&#8221;no-extra-padding&#8221; column_padding_position=&#8221;all&#8221; background_color_opacity=&#8221;1&#8243; background_hover_color_opacity=&#8221;1&#8243; column_link_target=&#8221;_self&#8221; column_shadow=&#8221;none&#8221; column_border_radius=&#8221;none&#8221; width=&#8221;2\/3&#8243; tablet_width_inherit=&#8221;default&#8221; tablet_text_alignment=&#8221;default&#8221; phone_text_alignment=&#8221;default&#8221; column_border_width=&#8221;none&#8221; column_border_style=&#8221;solid&#8221; bg_image_animation=&#8221;none&#8221;][vc_raw_html]JTNDZGl2JTIwY2xhc3MlM0QlMjJ2aWRlby1iYWNrZ3JvdW5kJTIyJTIwc3R5bGUlM0QlMjJwb3NpdGlvbiUzQSUyMHJlbGF0aXZlJTNCJTIwd2lkdGglM0ElMjAxMDAlMjUlM0IlMjBoZWlnaHQlM0ElMjA1MDBweCUzQiUyMG92ZXJmbG93JTNBJTIwaGlkZGVuJTNCJTIyJTNFJTBBJTIwJTIwJTNDaWZyYW1lJTIwJTBBJTIwJTIwJTIwJTIwc3JjJTNEJTIyaHR0cHMlM0ElMkYlMkZ3d3cueW91dHViZS5jb20lMkZlbWJlZCUyRjE4Z0tRRV9HZU5jJTNGYXV0b3BsYXklM0QxJTI2bG9vcCUzRDElMjZtdXRlJTNEMSUyNnBsYXlsaXN0JTNEMThnS1FFX0dlTmMlMjZjb250cm9scyUzRDAlMjZzaG93aW5mbyUzRDAlMjZyZWwlM0QwJTIyJTIwJTBBJTIwJTIwJTIwJTIwc3R5bGUlM0QlMjJwb3NpdGlvbiUzQSUyMGFic29sdXRlJTNCJTIwdG9wJTNBJTIwNTAlMjUlM0IlMjBsZWZ0JTNBJTIwNTAlMjUlM0IlMjB3aWR0aCUzQSUyMDEwMCUyNSUzQiUyMGhlaWdodCUzQSUyMDEwMCUyNSUzQiUyMHRyYW5zZm9ybSUzQSUyMHRyYW5zbGF0ZSUyOC01MCUyNSUyQyUyMC01MCUyNSUyOSUzQiUyMG9iamVjdC1maXQlM0ElMjBjb3ZlciUzQiUyMG1pbi13aWR0aCUzQSUyMDEwMCUyNSUzQiUyMG1pbi1oZWlnaHQlM0ElMjAxMDAlMjUlM0IlMjIlMEElMjAlMjAlMjAlMjBmcmFtZWJvcmRlciUzRCUyMjAlMjIlMjAlMEElMjAlMjAlMjAlMjBhbGxvdyUzRCUyMmF1dG9wbGF5JTNCJTIwZW5jcnlwdGVkLW1lZGlhJTIyJTIwJTBBJTIwJTIwJTIwJTIwYWxsb3dmdWxsc2NyZWVuJTNFJTBBJTIwJTIwJTNDJTJGaWZyYW1lJTNFJTBBJTNDJTJGZGl2JTNF[\/vc_raw_html][\/vc_column][\/vc_row]\n","protected":false},"excerpt":{"rendered":"<p>[vc_row type=&#8221;in_container&#8221; full_screen_row_position=&#8221;middle&#8221; equal_height=&#8221;yes&#8221; content_placement=&#8221;top&#8221; scene_position=&#8221;center&#8221; text_color=&#8221;dark&#8221; text_align=&#8221;left&#8221; overlay_strength=&#8221;0.3&#8243; shape_divider_position=&#8221;bottom&#8221; bg_image_animation=&#8221;none&#8221; shape_type=&#8221;&#8221;][vc_column column_padding=&#8221;no-extra-padding&#8221; column_padding_position=&#8221;all&#8221; background_color_opacity=&#8221;1&#8243; background_hover_color_opacity=&#8221;1&#8243; column_link_target=&#8221;_self&#8221; column_shadow=&#8221;none&#8221; column_border_radius=&#8221;none&#8221; width=&#8221;1\/3&#8243; tablet_width_inherit=&#8221;default&#8221; tablet_text_alignment=&#8221;default&#8221; phone_text_alignment=&#8221;default&#8221; column_border_width=&#8221;none&#8221; column_border_style=&#8221;solid&#8221; bg_image_animation=&#8221;none&#8221;][vc_column_text]ATELIER Aguilar de Dios, entreprise&#8230;<\/p>\n","protected":false},"author":1,"featured_media":0,"parent":0,"menu_order":0,"comment_status":"closed","ping_status":"closed","template":"","meta":{"nf_dc_page":"","footnotes":""},"class_list":["post-300","page","type-page","status-publish"],"_links":{"self":[{"href":"https:\/\/www.aguilardedios.com\/fr\/wp-json\/wp\/v2\/pages\/300","targetHints":{"allow":["GET"]}}],"collection":[{"href":"https:\/\/www.aguilardedios.com\/fr\/wp-json\/wp\/v2\/pages"}],"about":[{"href":"https:\/\/www.aguilardedios.com\/fr\/wp-json\/wp\/v2\/types\/page"}],"author":[{"embeddable":true,"href":"https:\/\/www.aguilardedios.com\/fr\/wp-json\/wp\/v2\/users\/1"}],"replies":[{"embeddable":true,"href":"https:\/\/www.aguilardedios.com\/fr\/wp-json\/wp\/v2\/comments?post=300"}],"version-history":[{"count":24,"href":"https:\/\/www.aguilardedios.com\/fr\/wp-json\/wp\/v2\/pages\/300\/revisions"}],"predecessor-version":[{"id":1752,"href":"https:\/\/www.aguilardedios.com\/fr\/wp-json\/wp\/v2\/pages\/300\/revisions\/1752"}],"wp:attachment":[{"href":"https:\/\/www.aguilardedios.com\/fr\/wp-json\/wp\/v2\/media?parent=300"}],"curies":[{"name":"wp","href":"https:\/\/api.w.org\/{rel}","templated":true}]}}